{"id":71,"date":"2022-10-11T07:12:45","date_gmt":"2022-10-11T07:12:45","guid":{"rendered":"https:\/\/www.kiinteistokomppania.fi\/?page_id=71"},"modified":"2025-03-18T12:23:41","modified_gmt":"2025-03-18T12:23:41","slug":"yhteystiedot","status":"publish","type":"page","link":"https:\/\/www.kiinteistokomppania.fi\/index.php\/yhteystiedot\/","title":{"rendered":"Yhteystiedot"},"content":{"rendered":"\n<h2 class=\"wp-block-heading has-text-align-center\"><strong>Tiimi<\/strong><\/h2>\n\n\n\n<div class=\"wp-block-columns is-layout-flex wp-container-core-columns-is-layout-1 wp-block-columns-is-layout-flex\">\n<div class=\"wp-block-column is-layout-flow wp-block-column-is-layout-flow\"><div class=\"wp-block-image\">\n<figure class=\"aligncenter size-large is-resized\"><img loading=\"lazy\" decoding=\"async\" width=\"683\" height=\"1024\" src=\"https:\/\/www.kiinteistokomppania.fi\/wp-content\/uploads\/2023\/10\/webElinaManninen-3321-683x1024.jpg\" alt=\"\" class=\"wp-image-487\" style=\"width:452px;height:auto\" srcset=\"https:\/\/www.kiinteistokomppania.fi\/wp-content\/uploads\/2023\/10\/webElinaManninen-3321-683x1024.jpg 683w, https:\/\/www.kiinteistokomppania.fi\/wp-content\/uploads\/2023\/10\/webElinaManninen-3321-200x300.jpg 200w, https:\/\/www.kiinteistokomppania.fi\/wp-content\/uploads\/2023\/10\/webElinaManninen-3321-768x1152.jpg 768w, https:\/\/www.kiinteistokomppania.fi\/wp-content\/uploads\/2023\/10\/webElinaManninen-3321-1024x1536.jpg 1024w, https:\/\/www.kiinteistokomppania.fi\/wp-content\/uploads\/2023\/10\/webElinaManninen-3321-1366x2048.jpg 1366w, https:\/\/www.kiinteistokomppania.fi\/wp-content\/uploads\/2023\/10\/webElinaManninen-3321.jpg 1707w\" sizes=\"(max-width: 683px) 100vw, 683px\" \/><\/figure><\/div>\n\n\n<div style=\"height:25px\" aria-hidden=\"true\" class=\"wp-block-spacer\"><\/div>\n\n\n\n<p class=\"has-text-align-center\"><strong>Johan Renlund<\/strong><br>Toimitusjohtaja &amp; Projektip\u00e4\u00e4llikk\u00f6<br>Puh. 040 7272 226<br>johan@kiinteistokomppania.fi<\/p>\n<\/div>\n\n\n\n<div class=\"wp-block-column is-layout-flow wp-block-column-is-layout-flow\"><div class=\"wp-block-image\">\n<figure class=\"aligncenter size-large is-resized\"><img loading=\"lazy\" decoding=\"async\" width=\"683\" height=\"1024\" src=\"https:\/\/www.kiinteistokomppania.fi\/wp-content\/uploads\/2023\/10\/webElinaManninen-3740-683x1024.jpg\" alt=\"\" class=\"wp-image-489\" style=\"width:450px;height:auto\" srcset=\"https:\/\/www.kiinteistokomppania.fi\/wp-content\/uploads\/2023\/10\/webElinaManninen-3740-683x1024.jpg 683w, https:\/\/www.kiinteistokomppania.fi\/wp-content\/uploads\/2023\/10\/webElinaManninen-3740-200x300.jpg 200w, https:\/\/www.kiinteistokomppania.fi\/wp-content\/uploads\/2023\/10\/webElinaManninen-3740-768x1152.jpg 768w, https:\/\/www.kiinteistokomppania.fi\/wp-content\/uploads\/2023\/10\/webElinaManninen-3740-1024x1536.jpg 1024w, https:\/\/www.kiinteistokomppania.fi\/wp-content\/uploads\/2023\/10\/webElinaManninen-3740-1366x2048.jpg 1366w, https:\/\/www.kiinteistokomppania.fi\/wp-content\/uploads\/2023\/10\/webElinaManninen-3740.jpg 1707w\" sizes=\"(max-width: 683px) 100vw, 683px\" \/><\/figure><\/div>\n\n\n<div style=\"height:25px\" aria-hidden=\"true\" class=\"wp-block-spacer\"><\/div>\n\n\n\n<p class=\"has-text-align-center\"><strong>Anna Vuorela<\/strong><br>Sisustussuunnittelija &amp; Kiinteist\u00f6sihteeri<br>Puh. 040 3100 002<br>anna@kiinteistokomppania.fi<\/p>\n<\/div>\n<\/div>\n\n\n\n<!--more-->\n\n\n\n<hr class=\"wp-block-separator has-alpha-channel-opacity\"\/>\n\n\n\n<div style=\"height:60px\" aria-hidden=\"true\" class=\"wp-block-spacer\"><\/div>\n\n\n\n<div class=\"wp-block-columns is-layout-flex wp-container-core-columns-is-layout-3 wp-block-columns-is-layout-flex\">\n<div class=\"wp-block-column is-layout-flow wp-block-column-is-layout-flow\" style=\"flex-basis:100%\">\n<div class=\"wp-block-columns is-layout-flex wp-container-core-columns-is-layout-2 wp-block-columns-is-layout-flex\">\n<div class=\"wp-block-column is-layout-flow wp-block-column-is-layout-flow\">\n<p class=\"has-text-align-center\"><strong>Mikael Renlund<\/strong><br>Partner<br>Puh. 040 3100 003<br>mikael@kiinteistokomppania.fi<\/p>\n<\/div>\n\n\n\n<div class=\"wp-block-column is-layout-flow wp-block-column-is-layout-flow\">\n<p class=\"has-text-align-center\"><strong>Susanna Renlund<\/strong><br>Partner<br>&#8211;<br>susanna@kiinteistokomppania.fi<\/p>\n<\/div>\n\n\n\n<div class=\"wp-block-column is-layout-flow wp-block-column-is-layout-flow\">\n<p class=\"has-text-align-center\"><strong>Jenny Renlund<\/strong><br>Partner<br>&#8211;<br>jenny@kiinteistokomppania.fi<\/p>\n<\/div>\n<\/div>\n<\/div>\n<\/div>\n\n\n\n<hr class=\"wp-block-separator has-alpha-channel-opacity\"\/>\n\n\n\n<div class=\"wp-block-columns is-layout-flex wp-container-core-columns-is-layout-4 wp-block-columns-is-layout-flex\">\n<div class=\"wp-block-column is-layout-flow wp-block-column-is-layout-flow\">\n<div style=\"height:41px\" aria-hidden=\"true\" class=\"wp-block-spacer\"><\/div>\n\n\n\n<p class=\"has-text-align-center\"><strong>Asiakaspalvelu<\/strong><br>info@kiinteistokomppania.fi<\/p>\n\n\n\n<div style=\"height:25px\" aria-hidden=\"true\" class=\"wp-block-spacer\"><\/div>\n\n\n\n<p class=\"has-text-align-center\"><strong>Toimistomme sijaitsee Lauttasaaressa<\/strong><br>Veneentekij\u00e4ntie 14 C<br>00210 Helsinki<\/p>\n\n\n\n<div style=\"height:20px\" aria-hidden=\"true\" class=\"wp-block-spacer\"><\/div>\n\n\n\n<p class=\"has-text-align-center\"><strong>Paikoitus<\/strong><br>Talon edest\u00e4 l\u00f6ytyy 4h ilmaisia parkkipaikkoja<\/p>\n<\/div>\n\n\n\n<div class=\"wp-block-column is-layout-flow wp-block-column-is-layout-flow\">\n<iframe src=\"https:\/\/www.google.com\/maps\/embed?pb=!1m18!1m12!1m3!1d15881.7415887485!2d24.86516328299026!3d60.16057484528333!2m3!1f0!2f0!3f0!3m2!1i1024!2i768!4f13.1!3m3!1m2!1s0x46920a59ba370de9%3A0x345fd252175a6f6!2sVeneentekij%C3%A4ntie%2014%2C%2000210%20Helsinki!5e0!3m2!1sen!2sfi!4v1696578287099!5m2!1sen!2sfi\" width=\"600\" height=\"450\" style=\"border:0;\" allowfullscreen=\"\" loading=\"lazy\" referrerpolicy=\"no-referrer-when-downgrade\"><\/iframe>\n<\/div>\n<\/div>\n","protected":false},"excerpt":{"rendered":"<p>Tiimi Johan RenlundToimitusjohtaja &amp; Projektip\u00e4\u00e4llikk\u00f6Puh. 040 7272 226johan@kiinteistokomppania.fi Anna VuorelaSisustussuunnittelija &amp; Kiinteist\u00f6sihteeriPuh. 040 3100 002anna@kiinteistokomppania.fi<\/p>\n","protected":false},"author":1,"featured_media":0,"parent":0,"menu_order":6,"comment_status":"closed","ping_status":"closed","template":"","meta":{"neve_meta_sidebar":"","neve_meta_container":"","neve_meta_enable_content_width":"on","neve_meta_content_width":100,"neve_meta_title_alignment":"","neve_meta_author_avatar":"","neve_post_elements_order":"","neve_meta_disable_header":"","neve_meta_disable_footer":"","neve_meta_disable_title":"","neve_meta_reading_time":"","footnotes":""},"class_list":["post-71","page","type-page","status-publish","hentry"],"_links":{"self":[{"href":"https:\/\/www.kiinteistokomppania.fi\/index.php\/wp-json\/wp\/v2\/pages\/71"}],"collection":[{"href":"https:\/\/www.kiinteistokomppania.fi\/index.php\/wp-json\/wp\/v2\/pages"}],"about":[{"href":"https:\/\/www.kiinteistokomppania.fi\/index.php\/wp-json\/wp\/v2\/types\/page"}],"author":[{"embeddable":true,"href":"https:\/\/www.kiinteistokomppania.fi\/index.php\/wp-json\/wp\/v2\/users\/1"}],"replies":[{"embeddable":true,"href":"https:\/\/www.kiinteistokomppania.fi\/index.php\/wp-json\/wp\/v2\/comments?post=71"}],"version-history":[{"count":48,"href":"https:\/\/www.kiinteistokomppania.fi\/index.php\/wp-json\/wp\/v2\/pages\/71\/revisions"}],"predecessor-version":[{"id":580,"href":"https:\/\/www.kiinteistokomppania.fi\/index.php\/wp-json\/wp\/v2\/pages\/71\/revisions\/580"}],"wp:attachment":[{"href":"https:\/\/www.kiinteistokomppania.fi\/index.php\/wp-json\/wp\/v2\/media?parent=71"}],"curies":[{"name":"wp","href":"https:\/\/api.w.org\/{rel}","templated":true}]}}