{"id":78,"date":"2022-10-11T11:16:00","date_gmt":"2022-10-11T11:16:00","guid":{"rendered":"https:\/\/www.kiinteistokomppania.fi\/?page_id=78"},"modified":"2024-12-19T13:53:52","modified_gmt":"2024-12-19T13:53:52","slug":"kiinteistohallinta","status":"publish","type":"page","link":"https:\/\/www.kiinteistokomppania.fi\/index.php\/kiinteistohallinta\/","title":{"rendered":"Kiinteist\u00f6hallinto"},"content":{"rendered":"\n<div class=\"wp-block-columns is-layout-flex wp-container-core-columns-is-layout-1 wp-block-columns-is-layout-flex\">\n<div class=\"wp-block-column is-layout-flow wp-block-column-is-layout-flow\"><div class=\"wp-block-image\">\n<figure class=\"alignright size-large is-resized\"><img loading=\"lazy\" decoding=\"async\" width=\"1024\" height=\"707\" src=\"https:\/\/www.kiinteistokomppania.fi\/wp-content\/uploads\/2023\/01\/Kungsgatan-7-Julkisivu-1024x707.jpg\" alt=\"\" class=\"wp-image-347\" style=\"width:566px;height:391px\" srcset=\"https:\/\/www.kiinteistokomppania.fi\/wp-content\/uploads\/2023\/01\/Kungsgatan-7-Julkisivu-1024x707.jpg 1024w, https:\/\/www.kiinteistokomppania.fi\/wp-content\/uploads\/2023\/01\/Kungsgatan-7-Julkisivu-300x207.jpg 300w, https:\/\/www.kiinteistokomppania.fi\/wp-content\/uploads\/2023\/01\/Kungsgatan-7-Julkisivu-768x530.jpg 768w, https:\/\/www.kiinteistokomppania.fi\/wp-content\/uploads\/2023\/01\/Kungsgatan-7-Julkisivu-1536x1060.jpg 1536w, https:\/\/www.kiinteistokomppania.fi\/wp-content\/uploads\/2023\/01\/Kungsgatan-7-Julkisivu-2048x1414.jpg 2048w\" sizes=\"(max-width: 1024px) 100vw, 1024px\" \/><\/figure><\/div>\n\n\n<p>Kiinteist\u00f6hallintopalvelun p\u00e4\u00e4tarkoituksena on toimia vuokranantajan kumppanina, jossa yhteisty\u00f6ss\u00e4 hallinnoidaan asiakkaan kiinteist\u00f6omaissuutta. Palvelemme toimimalla vuokralaisten ja asiakkaan ensimm\u00e4isen\u00e4 yhteyshenkil\u00f6n\u00e4 vuokrauksen ja k\u00e4ytt\u00f6\u00f6n liittyviss\u00e4 asioissa.<\/p>\n\n\n\n<p>Lis\u00e4arvoa luodaan suorittamalla vuokranantajan juoksevat teht\u00e4v\u00e4t tehokkaasti, yhdenmukaistamalla raportointia, tukemalla p\u00e4\u00e4t\u00f6ksentekoa sek\u00e4 tarvittaessa toimimalla lis\u00e4resurssina eri teht\u00e4viin liittyen jotka kuuluvat vuokranantajan vastuulle.<\/p>\n\n\n\n<p>Avaimet k\u00e4teen ratkaisun lis\u00e4ksi, pystymme my\u00f6s soveltamaan palvelumallia jossa vastuut on jaettu ja tekeminen suoritetaan tiiviiss\u00e4 yhteisty\u00f6ss\u00e4 asiakkaan kanssa.<\/p>\n<\/div>\n<\/div>\n\n\n\n<div class=\"wp-block-columns is-layout-flex wp-container-core-columns-is-layout-2 wp-block-columns-is-layout-flex\">\n<div class=\"wp-block-column is-layout-flow wp-block-column-is-layout-flow\">\n<h5 class=\"wp-block-heading\">Hallinto<\/h5>\n\n\n\n<ul class=\"wp-block-list\">\n<li>Avustaminen vuokrasopimuksien laadinnassa<\/li>\n\n\n\n<li>Sopimuksien arkistointi<\/li>\n\n\n\n<li>S\u00e4hk\u00f6inen allekirjoitus<\/li>\n<\/ul>\n<\/div>\n\n\n\n<div class=\"wp-block-column is-layout-flow wp-block-column-is-layout-flow\">\n<h5 class=\"wp-block-heading\">Asiakaspalvelu vuokralaisiin p\u00e4in<\/h5>\n\n\n\n<ul class=\"wp-block-list\">\n<li>Asiakaspalvelu\/-tuki<\/li>\n\n\n\n<li>Vuokralaskujen toimitus &amp; maksumuistutukset<\/li>\n\n\n\n<li>Vuokrankorotukset &amp; tiedotteet<\/li>\n<\/ul>\n<\/div>\n<\/div>\n\n\n\n<div class=\"wp-block-columns is-layout-flex wp-container-core-columns-is-layout-3 wp-block-columns-is-layout-flex\">\n<div class=\"wp-block-column is-layout-flow wp-block-column-is-layout-flow\">\n<h5 class=\"wp-block-heading\">Kirjanpito<\/h5>\n\n\n\n<ul class=\"wp-block-list\">\n<li>Tulot (Vuokraseuranta)<\/li>\n\n\n\n<li>Kulut (Laskut ja maksut)<\/li>\n\n\n\n<li>Raportit veroilmoituksia varten<\/li>\n<\/ul>\n<\/div>\n\n\n\n<div class=\"wp-block-column is-layout-flow wp-block-column-is-layout-flow\">\n<h5 class=\"wp-block-heading\">Sidosryhmien &amp; palveluiden koordinointi<\/h5>\n\n\n\n<ul class=\"wp-block-list\">\n<li>Is\u00e4nn\u00f6itsij\u00e4<\/li>\n\n\n\n<li>Kiinteist\u00f6nv\u00e4litt\u00e4j\u00e4t<\/li>\n\n\n\n<li>Huolto\/Korjaus<\/li>\n\n\n\n<li>Muut asiantuntijat<\/li>\n<\/ul>\n<\/div>\n<\/div>\n\n\n\n<h5 class=\"wp-block-heading\">Kiinteist\u00f6hallintopalvelujen liittyviin kysymyksiin vastaa:<\/h5>\n\n\n\n<p>Johan Renlund, +358 40 727 2226 \/ johan@kiinteistokomppania.fi<\/p>\n\n\n\n<p><\/p>\n\n\n\n<p><\/p>\n\n\n\n<h5 class=\"wp-block-heading\">Referenssit:<\/h5>\n\n\n\n<p><strong>Brandensteininkatu 11, Loviisa<\/strong> &#8211; Liikerakennus, n. 3 000 htm2 ja 25 huoneistoa<\/p>\n\n\n\n<p><strong>KOY Helsingin Laippatie 5<\/strong> &#8211; Liikerakennus, n. 1 300 htm2 ja 12 huoneistoa<\/p>\n\n\n\n<p><strong>Veneentekij\u00e4ntie 14, Helsinki<\/strong> &#8211; Liiketiloja, n. 400 m2 htm2 ja 6 huoneistoa<\/p>\n\n\n\n<p><strong>KOY Hangon Ratakatu 5<\/strong> &#8211; Liikerakennus, n. 1 000 htm2 ja 6 huoneistoa<\/p>\n\n\n\n<p><strong>KOY Hangon Bulevardi 8<\/strong> &#8211; Hotelli, n. 800 htm2 ja 36 vuodepaikkaa<\/p>\n\n\n\n<p><strong>Bulevardi 19, Hanko<\/strong> &#8211; Huoneistohotelli, n. 400 htm2, 6 huoneistoa ja 29 vuodepaikkaa<\/p>\n\n\n\n<p><strong>FAB Eken\u00e4s Kungsgatan 7<\/strong> &#8211; Liiketiloja ja asuntoja, n. 1 600 htm2 ja 18 huoneistoa<\/p>\n\n\n\n<p><strong>Ystadinkatu 12, Tammisaari<\/strong> &#8211; Liiketiloja ja asuntoja, n. 400 htm2 ja 5 huoneistoa<\/p>\n\n\n\n<p><strong>Liiketalo Ermo ja Pitk\u00e4sillankatu 24, Kokkola<\/strong> &#8211; Liiketiloja ja asuntoja, n. 1 300 htm2 ja 14 huoneistoa<\/p>\n\n\n\n<h5 class=\"wp-block-heading\"><\/h5>\n\n\n\n<p><\/p>\n\n\n\n<p><\/p>\n","protected":false},"excerpt":{"rendered":"<p>Kiinteist\u00f6hallintopalvelun p\u00e4\u00e4tarkoituksena on toimia vuokranantajan kumppanina, jossa yhteisty\u00f6ss\u00e4 hallinnoidaan asiakkaan kiinteist\u00f6omaissuutta. Palvelemme toimimalla vuokralaisten ja asiakkaan ensimm\u00e4isen\u00e4 yhteyshenkil\u00f6n\u00e4 vuokrauksen ja k\u00e4ytt\u00f6\u00f6n liittyviss\u00e4 asioissa. Lis\u00e4arvoa luodaan suorittamalla vuokranantajan juoksevat teht\u00e4v\u00e4t tehokkaasti, yhdenmukaistamalla raportointia, tukemalla p\u00e4\u00e4t\u00f6ksentekoa sek\u00e4 tarvittaessa toimimalla lis\u00e4resurssina eri teht\u00e4viin liittyen jotka kuuluvat vuokranantajan vastuulle. Avaimet k\u00e4teen ratkaisun lis\u00e4ksi, pystymme my\u00f6s soveltamaan palvelumallia jossa vastuut&hellip;&nbsp;<a href=\"https:\/\/www.kiinteistokomppania.fi\/index.php\/kiinteistohallinta\/\" rel=\"bookmark\">Read More &raquo;<span class=\"screen-reader-text\">Kiinteist\u00f6hallinto<\/span><\/a><\/p>\n","protected":false},"author":1,"featured_media":0,"parent":0,"menu_order":2,"comment_status":"closed","ping_status":"closed","template":"","meta":{"neve_meta_sidebar":"","neve_meta_container":"","neve_meta_enable_content_width":"on","neve_meta_content_width":100,"neve_meta_title_alignment":"","neve_meta_author_avatar":"","neve_post_elements_order":"","neve_meta_disable_header":"off","neve_meta_disable_footer":"off","neve_meta_disable_title":"off","neve_meta_reading_time":"","footnotes":""},"class_list":["post-78","page","type-page","status-publish","hentry"],"_links":{"self":[{"href":"https:\/\/www.kiinteistokomppania.fi\/index.php\/wp-json\/wp\/v2\/pages\/78"}],"collection":[{"href":"https:\/\/www.kiinteistokomppania.fi\/index.php\/wp-json\/wp\/v2\/pages"}],"about":[{"href":"https:\/\/www.kiinteistokomppania.fi\/index.php\/wp-json\/wp\/v2\/types\/page"}],"author":[{"embeddable":true,"href":"https:\/\/www.kiinteistokomppania.fi\/index.php\/wp-json\/wp\/v2\/users\/1"}],"replies":[{"embeddable":true,"href":"https:\/\/www.kiinteistokomppania.fi\/index.php\/wp-json\/wp\/v2\/comments?post=78"}],"version-history":[{"count":49,"href":"https:\/\/www.kiinteistokomppania.fi\/index.php\/wp-json\/wp\/v2\/pages\/78\/revisions"}],"predecessor-version":[{"id":561,"href":"https:\/\/www.kiinteistokomppania.fi\/index.php\/wp-json\/wp\/v2\/pages\/78\/revisions\/561"}],"wp:attachment":[{"href":"https:\/\/www.kiinteistokomppania.fi\/index.php\/wp-json\/wp\/v2\/media?parent=78"}],"curies":[{"name":"wp","href":"https:\/\/api.w.org\/{rel}","templated":true}]}}