{"id":79,"date":"2022-10-11T11:16:00","date_gmt":"2022-10-11T11:16:00","guid":{"rendered":"https:\/\/www.kiinteistokomppania.fi\/?page_id=79"},"modified":"2024-12-19T13:33:39","modified_gmt":"2024-12-19T13:33:39","slug":"projektinhallinta","status":"publish","type":"page","link":"https:\/\/www.kiinteistokomppania.fi\/index.php\/projektinhallinta\/","title":{"rendered":"Projektinjohto"},"content":{"rendered":"\n<div class=\"wp-block-columns is-layout-flex wp-container-core-columns-is-layout-2 wp-block-columns-is-layout-flex\">\n<div class=\"wp-block-column is-layout-flow wp-block-column-is-layout-flow\" style=\"flex-basis:100%\">\n<div class=\"wp-block-columns is-layout-flex wp-container-core-columns-is-layout-1 wp-block-columns-is-layout-flex\">\n<div class=\"wp-block-column is-layout-flow wp-block-column-is-layout-flow\">\n<p>Tavoitteemme projektin onnistumisen kannalta on toimia tiedon keskipisteen\u00e4 ja tukipilarina k\u00e4ytt\u00e4j\u00e4lle sek\u00e4 tilaajalle ett\u00e4 kaikille projektille ty\u00f6skenteleville tahoille. Kun taustatekij\u00e4t ja edellytykset ovat kunnossa sek\u00e4 vastuunrajat selke\u00e4t niin pystyy jokainen osapuoli keskittym\u00e4\u00e4n siihen omaan tekemiseen jolla tuodaan lis\u00e4arvoa projektiin. <\/p>\n\n\n\n<p>Muutost\u00f6iss\u00e4 on useasti paljon liikkuvia osia ja kun yksi n\u00e4ist\u00e4 muuttuu niin vaikuttaa se yleens\u00e4 kaikkiin muihin projektissa ty\u00f6skenteleviin. Projektinjohdossamme keskitymme n\u00e4iden ennaltaehk\u00e4isemiseen sek\u00e4 vaikutusten lievent\u00e4miseen v\u00e4ltt\u00e4m\u00e4tt\u00f6mien tilanteiden sattuessa. Pyrimme toimenpiteill\u00e4mme erist\u00e4m\u00e4\u00e4n ongelmakohdat jotta ne eiv\u00e4t l\u00e4hde kasvamaan.<\/p>\n\n\n\n<p>Jokaisen projektin tarpeet ovat yksil\u00f6llisi\u00e4 riippuen tilaajan aikatauluun, budjettiin sek\u00e4 tavoitteisiin n\u00e4hden. Alla kuvailtu palvelurakenne ja sis\u00e4lt\u00f6 ovat suuntaa antavia, palveluun voi toisin sanoen sis\u00e4lt\u00e4\u00e4 kaikki tai vain pienempi osa mainituista. Kaikissa projektissa sovelletaan kuitenkin alusta loppuun asti yhdess\u00e4 sovittua raportointimallia sek\u00e4 kustannus- ja aikatauluseuranta.<\/p>\n<\/div>\n\n\n\n<div class=\"wp-block-column is-layout-flow wp-block-column-is-layout-flow\">\n<figure class=\"wp-block-image size-full\"><img loading=\"lazy\" decoding=\"async\" width=\"1024\" height=\"768\" src=\"https:\/\/www.kiinteistokomppania.fi\/wp-content\/uploads\/2023\/01\/image.png\" alt=\"\" class=\"wp-image-231\" srcset=\"https:\/\/www.kiinteistokomppania.fi\/wp-content\/uploads\/2023\/01\/image.png 1024w, https:\/\/www.kiinteistokomppania.fi\/wp-content\/uploads\/2023\/01\/image-300x225.png 300w, https:\/\/www.kiinteistokomppania.fi\/wp-content\/uploads\/2023\/01\/image-768x576.png 768w\" sizes=\"(max-width: 1024px) 100vw, 1024px\" \/><\/figure>\n<\/div>\n<\/div>\n<\/div>\n<\/div>\n\n\n\n<div class=\"wp-block-columns is-layout-flex wp-container-core-columns-is-layout-3 wp-block-columns-is-layout-flex\">\n<div class=\"wp-block-column is-layout-flow wp-block-column-is-layout-flow\">\n<h5 class=\"wp-block-heading\">1. Hankesuunnittelu ja valmistautuminen<\/h5>\n\n\n\n<ul class=\"wp-block-list\">\n<li>Vuokraneuvottelujen avustaminen ja -liitteiden laatiminen<\/li>\n\n\n\n<li>Projekti-\/hankesuunnitelma<\/li>\n\n\n\n<li>Hankkeen alustavan aikataulu<\/li>\n\n\n\n<li>Hankkeen alustava budjetti<\/li>\n<\/ul>\n<\/div>\n\n\n\n<div class=\"wp-block-column is-layout-flow wp-block-column-is-layout-flow\">\n<h5 class=\"wp-block-heading\">2. Suunnitteluvaihe<\/h5>\n\n\n\n<ul class=\"wp-block-list\">\n<li>Suunnittelijoiden kilpailuttaminen ja kiinnitt\u00e4minen<\/li>\n\n\n\n<li>Suunnittelunohjaus<\/li>\n\n\n\n<li>Rakennuttajan asiakirjojen laatiminen (kuten mm. turvallisuusasiakirja ja yhteystietoluettelo)<\/li>\n<\/ul>\n<\/div>\n<\/div>\n\n\n\n<div class=\"wp-block-columns is-layout-flex wp-container-core-columns-is-layout-4 wp-block-columns-is-layout-flex\">\n<div class=\"wp-block-column is-layout-flow wp-block-column-is-layout-flow\">\n<h5 class=\"wp-block-heading\">3. Rakentamisvaihe<\/h5>\n\n\n\n<ul class=\"wp-block-list\">\n<li>Rakennust\u00f6iden kilpailutus sek\u00e4 urakoitsijoiden kiinnitt\u00e4minen<\/li>\n\n\n\n<li>Rakennust\u00f6iden aloittaminen ja t\u00f6iden koordinointi<\/li>\n\n\n\n<li>T\u00f6iden vastaanotto<\/li>\n<\/ul>\n<\/div>\n\n\n\n<div class=\"wp-block-column is-layout-flow wp-block-column-is-layout-flow\">\n<h5 class=\"wp-block-heading\">4. K\u00e4ytt\u00f6\u00f6notto ja viimeistely<\/h5>\n\n\n\n<ul class=\"wp-block-list\">\n<li>Tilojen hallinnanluovutus ja k\u00e4ytt\u00e4j\u00e4n avustaminen<\/li>\n\n\n\n<li>Luovutusaineiston koordinointi sek\u00e4 arkistointi<\/li>\n\n\n\n<li>Taloudellinen loppuselvitys<\/li>\n\n\n\n<li>Optio: Takuu- ja k\u00e4yt\u00f6naikaiset tarkastukset<\/li>\n<\/ul>\n<\/div>\n<\/div>\n\n\n\n<p><\/p>\n\n\n\n<h5 class=\"wp-block-heading\">Projektinjohtopalveluihin liittyviin kysymyksiin vastaa:<\/h5>\n\n\n\n<p>Johan Renlund, 040 727 2226 \/ johan@kiinteistokomppania.fi<\/p>\n","protected":false},"excerpt":{"rendered":"<p>Tavoitteemme projektin onnistumisen kannalta on toimia tiedon keskipisteen\u00e4 ja tukipilarina k\u00e4ytt\u00e4j\u00e4lle sek\u00e4 tilaajalle ett\u00e4 kaikille projektille ty\u00f6skenteleville tahoille. Kun taustatekij\u00e4t ja edellytykset ovat kunnossa sek\u00e4 vastuunrajat selke\u00e4t niin pystyy jokainen osapuoli keskittym\u00e4\u00e4n siihen omaan tekemiseen jolla tuodaan lis\u00e4arvoa projektiin. Muutost\u00f6iss\u00e4 on useasti paljon liikkuvia osia ja kun yksi n\u00e4ist\u00e4 muuttuu niin vaikuttaa se yleens\u00e4 kaikkiin&hellip;&nbsp;<a href=\"https:\/\/www.kiinteistokomppania.fi\/index.php\/projektinhallinta\/\" rel=\"bookmark\">Read More &raquo;<span class=\"screen-reader-text\">Projektinjohto<\/span><\/a><\/p>\n","protected":false},"author":1,"featured_media":0,"parent":0,"menu_order":3,"comment_status":"closed","ping_status":"closed","template":"","meta":{"neve_meta_sidebar":"","neve_meta_container":"","neve_meta_enable_content_width":"on","neve_meta_content_width":100,"neve_meta_title_alignment":"","neve_meta_author_avatar":"","neve_post_elements_order":"","neve_meta_disable_header":"","neve_meta_disable_footer":"","neve_meta_disable_title":"","neve_meta_reading_time":"","footnotes":""},"class_list":["post-79","page","type-page","status-publish","hentry"],"_links":{"self":[{"href":"https:\/\/www.kiinteistokomppania.fi\/index.php\/wp-json\/wp\/v2\/pages\/79"}],"collection":[{"href":"https:\/\/www.kiinteistokomppania.fi\/index.php\/wp-json\/wp\/v2\/pages"}],"about":[{"href":"https:\/\/www.kiinteistokomppania.fi\/index.php\/wp-json\/wp\/v2\/types\/page"}],"author":[{"embeddable":true,"href":"https:\/\/www.kiinteistokomppania.fi\/index.php\/wp-json\/wp\/v2\/users\/1"}],"replies":[{"embeddable":true,"href":"https:\/\/www.kiinteistokomppania.fi\/index.php\/wp-json\/wp\/v2\/comments?post=79"}],"version-history":[{"count":19,"href":"https:\/\/www.kiinteistokomppania.fi\/index.php\/wp-json\/wp\/v2\/pages\/79\/revisions"}],"predecessor-version":[{"id":556,"href":"https:\/\/www.kiinteistokomppania.fi\/index.php\/wp-json\/wp\/v2\/pages\/79\/revisions\/556"}],"wp:attachment":[{"href":"https:\/\/www.kiinteistokomppania.fi\/index.php\/wp-json\/wp\/v2\/media?parent=79"}],"curies":[{"name":"wp","href":"https:\/\/api.w.org\/{rel}","templated":true}]}}