{"id":80,"date":"2022-10-11T11:16:00","date_gmt":"2022-10-11T11:16:00","guid":{"rendered":"https:\/\/www.kiinteistokomppania.fi\/?page_id=80"},"modified":"2024-12-19T13:34:30","modified_gmt":"2024-12-19T13:34:30","slug":"sisustussuunnittelu","status":"publish","type":"page","link":"https:\/\/www.kiinteistokomppania.fi\/index.php\/sisustussuunnittelu\/","title":{"rendered":"Sisustussuunnittelu"},"content":{"rendered":"\n<div class=\"wp-block-columns is-layout-flex wp-container-core-columns-is-layout-1 wp-block-columns-is-layout-flex\">\n<div class=\"wp-block-column is-layout-flow wp-block-column-is-layout-flow\">\n<p class=\"has-text-align-left\">Tarjoamme kokonaiskattavaa sisustussuunnittelua ja teemme my\u00f6s v\u00e4ri- ja taidekonsultaatiota sek\u00e4 visuaalisen markkinoinnin konsultaatiota. Palvelemme suomeksi, ruotsiksi sek\u00e4 englanniksi.<\/p>\n\n\n\n<p class=\"has-text-align-left\">Suunnittelutiimi on ennen toiminut nimell\u00e4 Innelabb ja Inredningslabbet Oy Ab on nyky\u00e4\u00e4n osa Kiinteist\u00f6komppaniaa Oy:t\u00e4. <\/p>\n\n\n\n<p class=\"has-text-align-left\">Sisustussuunnittelusta ja visuaalisesta markkinoinnista vastaa sisustussuunnittelija Anna Vuorela, apuna toimii taidemaalari Jenny Renlund v\u00e4ri- ja taidekonsultaatiossa.<\/p>\n<\/div>\n\n\n\n<div class=\"wp-block-column is-layout-flow wp-block-column-is-layout-flow\">\n<figure class=\"wp-block-image size-large\"><img loading=\"lazy\" decoding=\"async\" width=\"1024\" height=\"761\" src=\"https:\/\/www.kiinteistokomppania.fi\/wp-content\/uploads\/2023\/01\/20181109_145734-scaled-e1674556050707-1024x761.jpg\" alt=\"\" class=\"wp-image-223\" srcset=\"https:\/\/www.kiinteistokomppania.fi\/wp-content\/uploads\/2023\/01\/20181109_145734-scaled-e1674556050707-1024x761.jpg 1024w, https:\/\/www.kiinteistokomppania.fi\/wp-content\/uploads\/2023\/01\/20181109_145734-scaled-e1674556050707-300x223.jpg 300w, https:\/\/www.kiinteistokomppania.fi\/wp-content\/uploads\/2023\/01\/20181109_145734-scaled-e1674556050707-768x571.jpg 768w, https:\/\/www.kiinteistokomppania.fi\/wp-content\/uploads\/2023\/01\/20181109_145734-scaled-e1674556050707-1536x1142.jpg 1536w, https:\/\/www.kiinteistokomppania.fi\/wp-content\/uploads\/2023\/01\/20181109_145734-scaled-e1674556050707-2048x1523.jpg 2048w\" sizes=\"(max-width: 1024px) 100vw, 1024px\" \/><\/figure>\n<\/div>\n<\/div>\n\n\n\n<h5 class=\"wp-block-heading\">Palveluihimme kuuluu m.m.<\/h5>\n\n\n\n<p>Alla palveluiden osa-alueet ja mit\u00e4 niihin yleens\u00e4 liittyy. Jokainen projekti on kuitekin yksil\u00f6llinen ja palvelun laajuus sovelletaan siihen sopivaksi ja asiakkaalle kustannustehokkaaksi. Projekti voi olla pieni ja kevyt tai koko asunnon kattava remontti raakapinnasta lopulliseen muuttovalmiiseen tilaan.<\/p>\n\n\n\n<div class=\"wp-block-columns is-layout-flex wp-container-core-columns-is-layout-2 wp-block-columns-is-layout-flex\">\n<div class=\"wp-block-column is-layout-flow wp-block-column-is-layout-flow\">\n<h5 class=\"wp-block-heading\">Sisustussuunnittelu<\/h5>\n\n\n\n<ul class=\"wp-block-list\">\n<li>Alkukartoitus <\/li>\n\n\n\n<li>Tyyli\/tunnelmakuvaus &#8221;Moodboard&#8221;<\/li>\n\n\n\n<li>2D pohjaratkaisu mitoilla<\/li>\n\n\n\n<li>Pintamateriali- ja sisustusehdotus<\/li>\n\n\n\n<li>3D kuvat<\/li>\n\n\n\n<li>Sein\u00e4kaaviot mitoilla<\/li>\n\n\n\n<li>Kalustelista<\/li>\n\n\n\n<li>S\u00e4hk\u00f6 ja valaistusehdotus<\/li>\n<\/ul>\n<\/div>\n\n\n\n<div class=\"wp-block-column is-layout-flow wp-block-column-is-layout-flow\">\n<h5 class=\"wp-block-heading\">Sisustuskonsultaatio<\/h5>\n\n\n\n<ul class=\"wp-block-list\">\n<li>Kalusteasettelusta tilassa &#8211; tilaratkaisut<\/li>\n\n\n\n<li>Pintamateriaaliehdotukset esim. putkiremontin yhteydess\u00e4<\/li>\n\n\n\n<li>V\u00e4ri- ja taidekonsultaatiot<\/li>\n\n\n\n<li>Visuaalisen markkinoinnin konsultointi kotisivuihin ja graafinen materiaaliin liittyen<\/li>\n<\/ul>\n<\/div>\n<\/div>\n\n\n\n<div class=\"wp-block-columns is-layout-flex wp-container-core-columns-is-layout-3 wp-block-columns-is-layout-flex\">\n<div class=\"wp-block-column is-layout-flow wp-block-column-is-layout-flow\">\n<h5 class=\"wp-block-heading\">M\u00e4rk\u00e4tilan suunnittelu<\/h5>\n\n\n\n<ul class=\"wp-block-list\">\n<li>Alkukartoitus<\/li>\n\n\n\n<li>Tyyli\/tunnelmakuvaus &#8221; Moodboard&#8221;<\/li>\n\n\n\n<li>Materiaaliehdotus<\/li>\n\n\n\n<li>Mittapiirrokset &#8211; 2d pohja ja sein\u00e4kaaviot<\/li>\n\n\n\n<li>S\u00e4hk\u00f6- ja valaistusehdotus<\/li>\n<\/ul>\n<\/div>\n\n\n\n<div class=\"wp-block-column is-layout-flow wp-block-column-is-layout-flow\">\n<h5 class=\"wp-block-heading\">Keitti\u00f6suunnittelu<\/h5>\n\n\n\n<ul class=\"wp-block-list\">\n<li>Alkukartoitus<\/li>\n\n\n\n<li>Tyyli\/tunnelmakuvaus &#8221; Moodboard&#8221;<\/li>\n\n\n\n<li>Materiaaliehdotus<\/li>\n\n\n\n<li>Mittapiirrokset &#8211; 2d pohja ja sein\u00e4kaaviot<\/li>\n\n\n\n<li>S\u00e4hk\u00f6- ja valaistusehdotus<\/li>\n<\/ul>\n<\/div>\n<\/div>\n\n\n\n<div class=\"wp-block-columns is-layout-flex wp-container-core-columns-is-layout-4 wp-block-columns-is-layout-flex\">\n<div class=\"wp-block-column is-layout-flow wp-block-column-is-layout-flow\">\n<h5 class=\"wp-block-heading\">Kiintokalusteen suunnittelu<\/h5>\n\n\n\n<ul class=\"wp-block-list\">\n<li>Alkukartoitus<\/li>\n\n\n\n<li>Tyyli\/tunnelmakuvaus &#8221; Moodboard&#8221;<\/li>\n\n\n\n<li>Materiaaliehdotus<\/li>\n\n\n\n<li>Mittapiirrokset &#8211; 2d pohja ja sein\u00e4kaaviot<\/li>\n<\/ul>\n\n\n\n<p><\/p>\n<\/div>\n\n\n\n<div class=\"wp-block-column is-layout-flow wp-block-column-is-layout-flow\">\n<h5 class=\"wp-block-heading\"><\/h5>\n<\/div>\n<\/div>\n\n\n\n<p><\/p>\n\n\n\n<h5 class=\"wp-block-heading\">Sisustussuunnittelupalveluihin liittyviin kysymyksiin vastaa:<\/h5>\n\n\n\n<p>Sisustusuunnittelija Anna Vuorela, 040 3100 002 \/ anna@kiinteistokomppania.fi<\/p>\n\n\n\n<div class=\"wp-block-columns is-layout-flex wp-container-core-columns-is-layout-5 wp-block-columns-is-layout-flex\">\n<div class=\"wp-block-column is-layout-flow wp-block-column-is-layout-flow\" style=\"flex-basis:100%\">\n<p><\/p>\n<\/div>\n<\/div>\n\n\n\n<h5 class=\"wp-block-heading\">Referenssit:<\/h5>\n\n\n\n<p>2022-2023 &#8211; <strong>Yksityiskoti Lauttasaari <\/strong>&#8211; kokonaisremontti pohja- ja sisustussuunnittelu<\/p>\n\n\n\n<p>2021-2022 &#8211; <strong>Kuninkaankatu 7<\/strong> &#8211; projekti kauppagalleria Arkaden pintamateriaalit ja markkinointi<\/p>\n\n\n\n<p>2022 &#8211; <strong>Hotel Bulevard Hanko <\/strong>&#8211; pintaremontti ja sisustussuunnittelu<\/p>\n\n\n\n<p>2021 &#8211; <strong>Vuokralla oleva yksityiskoti Lauttasaari<\/strong> &#8211; Putkiremontin pintamateriaaliehdotus ja tilaratkaisu<\/p>\n\n\n\n<p>2021 &#8211; <strong>Taloyhti\u00f6n rappuk\u00e4yt\u00e4v\u00e4 ja saunaosasto<\/strong> &#8211; Putkiremonti pintamateriaaliehdotus ja sisustussuunnittelu<\/p>\n\n\n\n<p>2015-2016 &#8211;  <strong>Villa Flora Apartments<\/strong> &#8211; kokonaisremontti pohja- ja sisustussuunnittelu<\/p>\n\n\n\n<p>2009-2010 &#8211; <strong>Hotel Bulevard Hanko<\/strong> &#8211;  kokonaisremontti pohja- ja sisustussuunnittelu<\/p>\n\n\n\n<p><\/p>\n\n\n\n<p><\/p>\n\n\n\n<p><\/p>\n","protected":false},"excerpt":{"rendered":"<p>Tarjoamme kokonaiskattavaa sisustussuunnittelua ja teemme my\u00f6s v\u00e4ri- ja taidekonsultaatiota sek\u00e4 visuaalisen markkinoinnin konsultaatiota. Palvelemme suomeksi, ruotsiksi sek\u00e4 englanniksi. Suunnittelutiimi on ennen toiminut nimell\u00e4 Innelabb ja Inredningslabbet Oy Ab on nyky\u00e4\u00e4n osa Kiinteist\u00f6komppaniaa Oy:t\u00e4. Sisustussuunnittelusta ja visuaalisesta markkinoinnista vastaa sisustussuunnittelija Anna Vuorela, apuna toimii taidemaalari Jenny Renlund v\u00e4ri- ja taidekonsultaatiossa. Palveluihimme kuuluu m.m. Alla palveluiden osa-alueet&hellip;&nbsp;<a href=\"https:\/\/www.kiinteistokomppania.fi\/index.php\/sisustussuunnittelu\/\" rel=\"bookmark\">Read More &raquo;<span class=\"screen-reader-text\">Sisustussuunnittelu<\/span><\/a><\/p>\n","protected":false},"author":1,"featured_media":0,"parent":0,"menu_order":4,"comment_status":"closed","ping_status":"closed","template":"","meta":{"neve_meta_sidebar":"","neve_meta_container":"default","neve_meta_enable_content_width":"on","neve_meta_content_width":100,"neve_meta_title_alignment":"","neve_meta_author_avatar":"","neve_post_elements_order":"","neve_meta_disable_header":"","neve_meta_disable_footer":"","neve_meta_disable_title":"","neve_meta_reading_time":"","footnotes":""},"class_list":["post-80","page","type-page","status-publish","hentry"],"_links":{"self":[{"href":"https:\/\/www.kiinteistokomppania.fi\/index.php\/wp-json\/wp\/v2\/pages\/80"}],"collection":[{"href":"https:\/\/www.kiinteistokomppania.fi\/index.php\/wp-json\/wp\/v2\/pages"}],"about":[{"href":"https:\/\/www.kiinteistokomppania.fi\/index.php\/wp-json\/wp\/v2\/types\/page"}],"author":[{"embeddable":true,"href":"https:\/\/www.kiinteistokomppania.fi\/index.php\/wp-json\/wp\/v2\/users\/1"}],"replies":[{"embeddable":true,"href":"https:\/\/www.kiinteistokomppania.fi\/index.php\/wp-json\/wp\/v2\/comments?post=80"}],"version-history":[{"count":40,"href":"https:\/\/www.kiinteistokomppania.fi\/index.php\/wp-json\/wp\/v2\/pages\/80\/revisions"}],"predecessor-version":[{"id":558,"href":"https:\/\/www.kiinteistokomppania.fi\/index.php\/wp-json\/wp\/v2\/pages\/80\/revisions\/558"}],"wp:attachment":[{"href":"https:\/\/www.kiinteistokomppania.fi\/index.php\/wp-json\/wp\/v2\/media?parent=80"}],"curies":[{"name":"wp","href":"https:\/\/api.w.org\/{rel}","templated":true}]}}