{"id":82,"date":"2022-10-11T11:16:00","date_gmt":"2022-10-11T11:16:00","guid":{"rendered":"https:\/\/www.kiinteistokomppania.fi\/?page_id=82"},"modified":"2026-03-27T08:40:02","modified_gmt":"2026-03-27T08:40:02","slug":"referenssit","status":"publish","type":"page","link":"https:\/\/www.kiinteistokomppania.fi\/","title":{"rendered":"Kiinteist\u00f6komppania"},"content":{"rendered":"\n<div class=\"wp-block-columns is-layout-flex wp-container-core-columns-is-layout-1 wp-block-columns-is-layout-flex\">\n<div class=\"wp-block-column is-layout-flow wp-block-column-is-layout-flow\" style=\"flex-basis:50%\">\n<h5 class=\"wp-block-heading\">Kiinteist\u00f6manageeraus ja -hallinnon perheyritys kolmannessa sukupolvessa joka toimii Uudenmaan alueella.<\/h5>\n\n\n\n<p>Yritt\u00e4j\u00e4henkinen tiimi ja ruohonjuuritasoista toimintaa. Tiimiss\u00e4mme on laajaa osaamista ja tarjoamme monipuolista sek\u00e4 ihmisl\u00e4heist\u00e4 palvelua.<\/p>\n\n\n\n<p>Tarjoamme joustavasti ratkaisuja kiinteist\u00f6nomistajille ja vuokralaisille. Palveluihimme kuuluu kiinteist\u00f6omaisuuden hallinnon lis\u00e4ksi my\u00f6s projektinjohto sek\u00e4 sisustussuunnittelu. <\/p>\n\n\n\n<p>Ymm\u00e4rr\u00e4mme vuokranantajan kannustimet jotka ohjaavat p\u00e4\u00e4t\u00f6ksentekoa ja toimimme aina kiinteist\u00f6n tilanteen ja tarpeen ehdoilla. Tavoittelemme kustannustehokasta sek\u00e4 laadukasta lopputulosta joka kest\u00e4\u00e4 ajankulkua ja kohtelee luontoa s\u00e4\u00e4st\u00e4v\u00e4isesti.<\/p>\n\n\n\n<p>Meill\u00e4 on pitk\u00e4 kokemus vanhojen talojen saneerauskohteista sek\u00e4 tilojen uusiok\u00e4yt\u00f6n suunnittelussa ja niiden toteutuksesta. Pyrimme projekteissamme saavuttamaan nykyajan tasovaatimukset kuitenkin kunnioittaen vanhaa arkkitehtuuria ja rakennushistoriaa. <\/p>\n\n\n\n<p>Arvostamme energiatehokkuutta, uutta teknologiaa, vanhojen kiinteist\u00f6jen tuomaa luonnetta sek\u00e4 n\u00e4iden kaikkien yhdist\u00e4minen omanlaatuiseksi ja dynaamiseksi kokonaisuudeksi.<\/p>\n<\/div>\n\n\n\n<div class=\"wp-block-column is-layout-flow wp-block-column-is-layout-flow\" style=\"flex-basis:50%\">\n<figure class=\"wp-block-image size-full is-resized\"><img loading=\"lazy\" decoding=\"async\" width=\"822\" height=\"890\" src=\"https:\/\/www.kiinteistokomppania.fi\/wp-content\/uploads\/2023\/01\/image-2.png\" alt=\"\" class=\"wp-image-265\" style=\"width:511px;height:553px\" srcset=\"https:\/\/www.kiinteistokomppania.fi\/wp-content\/uploads\/2023\/01\/image-2.png 822w, https:\/\/www.kiinteistokomppania.fi\/wp-content\/uploads\/2023\/01\/image-2-277x300.png 277w, https:\/\/www.kiinteistokomppania.fi\/wp-content\/uploads\/2023\/01\/image-2-768x832.png 768w\" sizes=\"(max-width: 822px) 100vw, 822px\" \/><\/figure>\n<\/div>\n<\/div>\n","protected":false},"excerpt":{"rendered":"<p>Kiinteist\u00f6manageeraus ja -hallinnon perheyritys kolmannessa sukupolvessa joka toimii Uudenmaan alueella. Yritt\u00e4j\u00e4henkinen tiimi ja ruohonjuuritasoista toimintaa. Tiimiss\u00e4mme on laajaa osaamista ja tarjoamme monipuolista sek\u00e4 ihmisl\u00e4heist\u00e4 palvelua. Tarjoamme joustavasti ratkaisuja kiinteist\u00f6nomistajille ja vuokralaisille. Palveluihimme kuuluu kiinteist\u00f6omaisuuden hallinnon lis\u00e4ksi my\u00f6s projektinjohto sek\u00e4 sisustussuunnittelu. Ymm\u00e4rr\u00e4mme vuokranantajan kannustimet jotka ohjaavat p\u00e4\u00e4t\u00f6ksentekoa ja toimimme aina kiinteist\u00f6n tilanteen ja tarpeen ehdoilla. Tavoittelemme&hellip;&nbsp;<a href=\"https:\/\/www.kiinteistokomppania.fi\/\" rel=\"bookmark\">Read More &raquo;<span class=\"screen-reader-text\">Kiinteist\u00f6komppania<\/span><\/a><\/p>\n","protected":false},"author":1,"featured_media":0,"parent":0,"menu_order":1,"comment_status":"closed","ping_status":"closed","template":"","meta":{"neve_meta_sidebar":"","neve_meta_container":"default","neve_meta_enable_content_width":"on","neve_meta_content_width":100,"neve_meta_title_alignment":"center","neve_meta_author_avatar":"","neve_post_elements_order":"","neve_meta_disable_header":"off","neve_meta_disable_footer":"off","neve_meta_disable_title":"off","neve_meta_reading_time":"","footnotes":""},"class_list":["post-82","page","type-page","status-publish","hentry"],"_links":{"self":[{"href":"https:\/\/www.kiinteistokomppania.fi\/index.php\/wp-json\/wp\/v2\/pages\/82"}],"collection":[{"href":"https:\/\/www.kiinteistokomppania.fi\/index.php\/wp-json\/wp\/v2\/pages"}],"about":[{"href":"https:\/\/www.kiinteistokomppania.fi\/index.php\/wp-json\/wp\/v2\/types\/page"}],"author":[{"embeddable":true,"href":"https:\/\/www.kiinteistokomppania.fi\/index.php\/wp-json\/wp\/v2\/users\/1"}],"replies":[{"embeddable":true,"href":"https:\/\/www.kiinteistokomppania.fi\/index.php\/wp-json\/wp\/v2\/comments?post=82"}],"version-history":[{"count":35,"href":"https:\/\/www.kiinteistokomppania.fi\/index.php\/wp-json\/wp\/v2\/pages\/82\/revisions"}],"predecessor-version":[{"id":581,"href":"https:\/\/www.kiinteistokomppania.fi\/index.php\/wp-json\/wp\/v2\/pages\/82\/revisions\/581"}],"wp:attachment":[{"href":"https:\/\/www.kiinteistokomppania.fi\/index.php\/wp-json\/wp\/v2\/media?parent=82"}],"curies":[{"name":"wp","href":"https:\/\/api.w.org\/{rel}","templated":true}]}}